{"id":2341,"date":"2025-04-02T19:37:37","date_gmt":"2025-04-02T19:37:37","guid":{"rendered":"https:\/\/tcsocal.org\/?page_id=2341"},"modified":"2025-04-02T19:41:25","modified_gmt":"2025-04-02T19:41:25","slug":"private-policy","status":"publish","type":"page","link":"https:\/\/tcsocal.org\/es\/private-policy\/","title":{"rendered":"Private Policy"},"content":{"rendered":"<div data-elementor-type=\"wp-page\" data-elementor-id=\"2341\" class=\"elementor elementor-2341\" data-elementor-post-type=\"page\">\n\t\t\t\t<div class=\"elementor-element elementor-element-76a7b56 e-flex e-con-boxed e-con e-parent\" data-id=\"76a7b56\" data-element_type=\"container\" data-e-type=\"container\">\n\t\t\t\t\t<div class=\"e-con-inner\">\n\t\t\t\t<div class=\"elementor-element elementor-element-439a5c9 elementor-widget elementor-widget-heading\" data-id=\"439a5c9\" data-element_type=\"widget\" data-e-type=\"widget\" data-widget_type=\"heading.default\">\n\t\t\t\t<div class=\"elementor-widget-container\">\n\t\t\t\t\t<h2 class=\"elementor-heading-title elementor-size-default\">Pol\u00edtica de Privacidad<\/h2>\t\t\t\t<\/div>\n\t\t\t\t<\/div>\n\t\t\t\t\t<\/div>\n\t\t\t\t<\/div>\n\t\t<div class=\"elementor-element elementor-element-0dbd867 e-flex e-con-boxed e-con e-parent\" data-id=\"0dbd867\" data-element_type=\"container\" data-e-type=\"container\">\n\t\t\t\t\t<div class=\"e-con-inner\">\n\t\t\t\t<div class=\"elementor-element elementor-element-41e2e97 elementor-widget__width-initial elementor-widget elementor-widget-text-editor\" data-id=\"41e2e97\" data-element_type=\"widget\" data-e-type=\"widget\" data-widget_type=\"text-editor.default\">\n\t\t\t\t<div class=\"elementor-widget-container\">\n\t\t\t\t\t\t\t\t\t<p data-pm-slice=\"1 1 []\"><span style=\"font-style: inherit; font-weight: inherit; text-align: var(--text-align); background-color: var( --e-global-color-8a18369 ); color: var( --e-global-color-text ); font-family: var( --e-global-typography-text-font-family ), Sans-serif;\">Templo Calvario, Inc. valora su privacidad y se compromete a proteger cualquier informaci\u00f3n que nos proporcione. Esta Pol\u00edtica de Privacidad explica c\u00f3mo recopilamos, usamos y protegemos su informaci\u00f3n personal.<\/span><\/p><h3>Informaci\u00f3n que Recopilamos<\/h3><p>Podemos recopilar informaci\u00f3n personal como su nombre, direcci\u00f3n de correo electr\u00f3nico, n\u00famero de tel\u00e9fono y cualquier otro detalle que nos proporcione cuando interact\u00fae con nosotros, como al suscribirse a actualizaciones, hacer donaciones o participar en actividades de la iglesia.<\/p><h3>C\u00f3mo Usamos su Informaci\u00f3n<\/h3><p>Utilizamos su informaci\u00f3n para:<\/p><ul data-spread=\"false\"><li><p>Comunicarnos con usted sobre eventos, servicios y actualizaciones de la iglesia.<\/p><\/li><li><p>Procesar donaciones y contribuciones.<\/p><\/li><li><p>Mejorar nuestros servicios y sitio web.<\/p><\/li><\/ul><h3>Compartici\u00f3n de Datos y Seguridad<\/h3><p>No compartimos su informaci\u00f3n personal, incluidos los datos de suscripci\u00f3n m\u00f3vil, con terceros para fines de marketing o promoci\u00f3n. Su informaci\u00f3n se almacena de manera segura y solo es accesible por personal autorizado.<\/p><h3>Sus Opciones<\/h3><p>Puede optar por no recibir comunicaciones de nuestra parte en cualquier momento siguiendo las instrucciones para darse de baja en nuestros correos electr\u00f3nicos o contact\u00e1ndonos directamente.<\/p><h3>Actualizaciones a Esta Pol\u00edtica<\/h3><p>Podemos actualizar esta Pol\u00edtica de Privacidad de vez en cuando. Cualquier cambio se publicar\u00e1 en esta p\u00e1gina y le recomendamos que la revise peri\u00f3dicamente.<\/p><h3>Cont\u00e1ctenos<\/h3><p>Si tiene alguna pregunta sobre esta Pol\u00edtica de Privacidad, cont\u00e1ctenos en:<\/p><p>Templo Calvario<br \/>2501 W 5th St. Santa Ana, CA 92703<br \/>(714) 834-9331<\/p>\t\t\t\t\t\t\t\t<\/div>\n\t\t\t\t<\/div>\n\t\t\t\t\t<\/div>\n\t\t\t\t<\/div>\n\t\t\t\t<\/div>","protected":false},"excerpt":{"rendered":"<p>Privacy Policy Templo Calvario, Inc. values your privacy and is committed to protecting any information you provide to us. This Privacy Policy explains how we collect, use, and safeguard your personal information. Information We Collect We may collect personal information such as your name, email address, phone number, and any other details you provide when [&hellip;]<\/p>\n","protected":false},"author":2,"featured_media":0,"parent":0,"menu_order":0,"comment_status":"closed","ping_status":"closed","template":"","meta":{"site-sidebar-layout":"no-sidebar","site-content-layout":"page-builder","ast-site-content-layout":"full-width-container","site-content-style":"default","site-sidebar-style":"default","ast-global-header-display":"","ast-banner-title-visibility":"","ast-main-header-display":"","ast-hfb-above-header-display":"","ast-hfb-below-header-display":"","ast-hfb-mobile-header-display":"","site-post-title":"disabled","ast-breadcrumbs-content":"","ast-featured-img":"disabled","footer-sml-layout":"","ast-disable-related-posts":"","theme-transparent-header-meta":"","adv-header-id-meta":"","stick-header-meta":"","header-above-stick-meta":"","header-main-stick-meta":"","header-below-stick-meta":"","astra-migrate-meta-layouts":"set","ast-page-background-enabled":"default","ast-page-background-meta":{"desktop":{"background-color":"var(--ast-global-color-4)","background-image":"","background-repeat":"repeat","background-position":"center center","background-size":"auto","background-attachment":"scroll","background-type":"","background-media":"","overlay-type":"","overlay-color":"","overlay-opacity":"","overlay-gradient":""},"tablet":{"background-color":"","background-image":"","background-repeat":"repeat","background-position":"center center","background-size":"auto","background-attachment":"scroll","background-type":"","background-media":"","overlay-type":"","overlay-color":"","overlay-opacity":"","overlay-gradient":""},"mobile":{"background-color":"","background-image":"","background-repeat":"repeat","background-position":"center center","background-size":"auto","background-attachment":"scroll","background-type":"","background-media":"","overlay-type":"","overlay-color":"","overlay-opacity":"","overlay-gradient":""}},"ast-content-background-meta":{"desktop":{"background-color":"var(--ast-global-color-5)","background-image":"","background-repeat":"repeat","background-position":"center center","background-size":"auto","background-attachment":"scroll","background-type":"","background-media":"","overlay-type":"","overlay-color":"","overlay-opacity":"","overlay-gradient":""},"tablet":{"background-color":"var(--ast-global-color-5)","background-image":"","background-repeat":"repeat","background-position":"center center","background-size":"auto","background-attachment":"scroll","background-type":"","background-media":"","overlay-type":"","overlay-color":"","overlay-opacity":"","overlay-gradient":""},"mobile":{"background-color":"var(--ast-global-color-5)","background-image":"","background-repeat":"repeat","background-position":"center center","background-size":"auto","background-attachment":"scroll","background-type":"","background-media":"","overlay-type":"","overlay-color":"","overlay-opacity":"","overlay-gradient":""}},"footnotes":""},"class_list":["post-2341","page","type-page","status-publish","hentry"],"ams_acf":[],"yoast_head":"<!-- This site is optimized with the Yoast SEO plugin v27.4 - https:\/\/yoast.com\/product\/yoast-seo-wordpress\/ -->\n<title>Private Policy - tcsocal.org<\/title>\n<meta name=\"robots\" content=\"index, follow, max-snippet:-1, max-image-preview:large, max-video-preview:-1\" \/>\n<link rel=\"canonical\" href=\"https:\/\/tcsocal.org\/es\/private-policy\/\" \/>\n<meta property=\"og:locale\" content=\"es_MX\" \/>\n<meta property=\"og:type\" content=\"article\" \/>\n<meta property=\"og:title\" content=\"Private Policy - tcsocal.org\" \/>\n<meta property=\"og:description\" content=\"Privacy Policy Templo Calvario, Inc. values your privacy and is committed to protecting any information you provide to us. This Privacy Policy explains how we collect, use, and safeguard your personal information. Information We Collect We may collect personal information such as your name, email address, phone number, and any other details you provide when [&hellip;]\" \/>\n<meta property=\"og:url\" content=\"https:\/\/tcsocal.org\/es\/private-policy\/\" \/>\n<meta property=\"og:site_name\" content=\"tcsocal.org\" \/>\n<meta property=\"article:modified_time\" content=\"2025-04-02T19:41:25+00:00\" \/>\n<meta name=\"twitter:card\" content=\"summary_large_image\" \/>\n<meta name=\"twitter:label1\" content=\"Tiempo de lectura\" \/>\n\t<meta name=\"twitter:data1\" content=\"1 minuto\" \/>\n<script type=\"application\/ld+json\" class=\"yoast-schema-graph\">{\"@context\":\"https:\\\/\\\/schema.org\",\"@graph\":[{\"@type\":\"WebPage\",\"@id\":\"https:\\\/\\\/tcsocal.org\\\/private-policy\\\/\",\"url\":\"https:\\\/\\\/tcsocal.org\\\/private-policy\\\/\",\"name\":\"Private Policy - tcsocal.org\",\"isPartOf\":{\"@id\":\"http:\\\/\\\/box5804.temp.domains\\\/~tcsocalo\\\/#website\"},\"datePublished\":\"2025-04-02T19:37:37+00:00\",\"dateModified\":\"2025-04-02T19:41:25+00:00\",\"breadcrumb\":{\"@id\":\"https:\\\/\\\/tcsocal.org\\\/private-policy\\\/#breadcrumb\"},\"inLanguage\":\"es\",\"potentialAction\":[{\"@type\":\"ReadAction\",\"target\":[\"https:\\\/\\\/tcsocal.org\\\/private-policy\\\/\"]}]},{\"@type\":\"BreadcrumbList\",\"@id\":\"https:\\\/\\\/tcsocal.org\\\/private-policy\\\/#breadcrumb\",\"itemListElement\":[{\"@type\":\"ListItem\",\"position\":1,\"name\":\"Home\",\"item\":\"https:\\\/\\\/tcsocal.org\\\/\"},{\"@type\":\"ListItem\",\"position\":2,\"name\":\"Private Policy\"}]},{\"@type\":\"WebSite\",\"@id\":\"http:\\\/\\\/box5804.temp.domains\\\/~tcsocalo\\\/#website\",\"url\":\"http:\\\/\\\/box5804.temp.domains\\\/~tcsocalo\\\/\",\"name\":\"tcsocal.org\",\"description\":\"Ministering to the needs of the people\",\"publisher\":{\"@id\":\"http:\\\/\\\/box5804.temp.domains\\\/~tcsocalo\\\/#organization\"},\"potentialAction\":[{\"@type\":\"SearchAction\",\"target\":{\"@type\":\"EntryPoint\",\"urlTemplate\":\"http:\\\/\\\/box5804.temp.domains\\\/~tcsocalo\\\/?s={search_term_string}\"},\"query-input\":{\"@type\":\"PropertyValueSpecification\",\"valueRequired\":true,\"valueName\":\"search_term_string\"}}],\"inLanguage\":\"es\"},{\"@type\":\"Organization\",\"@id\":\"http:\\\/\\\/box5804.temp.domains\\\/~tcsocalo\\\/#organization\",\"name\":\"tcsocal.org\",\"url\":\"http:\\\/\\\/box5804.temp.domains\\\/~tcsocalo\\\/\",\"logo\":{\"@type\":\"ImageObject\",\"inLanguage\":\"es\",\"@id\":\"http:\\\/\\\/box5804.temp.domains\\\/~tcsocalo\\\/#\\\/schema\\\/logo\\\/image\\\/\",\"url\":\"https:\\\/\\\/i0.wp.com\\\/tcsocal.org\\\/wp-content\\\/uploads\\\/2022\\\/04\\\/cropped-TC-Logo-4.png?fit=2012%2C575&ssl=1\",\"contentUrl\":\"https:\\\/\\\/i0.wp.com\\\/tcsocal.org\\\/wp-content\\\/uploads\\\/2022\\\/04\\\/cropped-TC-Logo-4.png?fit=2012%2C575&ssl=1\",\"width\":2012,\"height\":575,\"caption\":\"tcsocal.org\"},\"image\":{\"@id\":\"http:\\\/\\\/box5804.temp.domains\\\/~tcsocalo\\\/#\\\/schema\\\/logo\\\/image\\\/\"}}]}<\/script>\n<!-- \/ Yoast SEO plugin. -->","yoast_head_json":{"title":"Private Policy - tcsocal.org","robots":{"index":"index","follow":"follow","max-snippet":"max-snippet:-1","max-image-preview":"max-image-preview:large","max-video-preview":"max-video-preview:-1"},"canonical":"https:\/\/tcsocal.org\/es\/private-policy\/","og_locale":"es_MX","og_type":"article","og_title":"Private Policy - tcsocal.org","og_description":"Privacy Policy Templo Calvario, Inc. values your privacy and is committed to protecting any information you provide to us. This Privacy Policy explains how we collect, use, and safeguard your personal information. Information We Collect We may collect personal information such as your name, email address, phone number, and any other details you provide when [&hellip;]","og_url":"https:\/\/tcsocal.org\/es\/private-policy\/","og_site_name":"tcsocal.org","article_modified_time":"2025-04-02T19:41:25+00:00","twitter_card":"summary_large_image","twitter_misc":{"Tiempo de lectura":"1 minuto"},"schema":{"@context":"https:\/\/schema.org","@graph":[{"@type":"WebPage","@id":"https:\/\/tcsocal.org\/private-policy\/","url":"https:\/\/tcsocal.org\/private-policy\/","name":"Private Policy - tcsocal.org","isPartOf":{"@id":"http:\/\/box5804.temp.domains\/~tcsocalo\/#website"},"datePublished":"2025-04-02T19:37:37+00:00","dateModified":"2025-04-02T19:41:25+00:00","breadcrumb":{"@id":"https:\/\/tcsocal.org\/private-policy\/#breadcrumb"},"inLanguage":"es","potentialAction":[{"@type":"ReadAction","target":["https:\/\/tcsocal.org\/private-policy\/"]}]},{"@type":"BreadcrumbList","@id":"https:\/\/tcsocal.org\/private-policy\/#breadcrumb","itemListElement":[{"@type":"ListItem","position":1,"name":"Home","item":"https:\/\/tcsocal.org\/"},{"@type":"ListItem","position":2,"name":"Private Policy"}]},{"@type":"WebSite","@id":"http:\/\/box5804.temp.domains\/~tcsocalo\/#website","url":"http:\/\/box5804.temp.domains\/~tcsocalo\/","name":"tcsocal.org","description":"Ministering to the needs of the people","publisher":{"@id":"http:\/\/box5804.temp.domains\/~tcsocalo\/#organization"},"potentialAction":[{"@type":"SearchAction","target":{"@type":"EntryPoint","urlTemplate":"http:\/\/box5804.temp.domains\/~tcsocalo\/?s={search_term_string}"},"query-input":{"@type":"PropertyValueSpecification","valueRequired":true,"valueName":"search_term_string"}}],"inLanguage":"es"},{"@type":"Organization","@id":"http:\/\/box5804.temp.domains\/~tcsocalo\/#organization","name":"tcsocal.org","url":"http:\/\/box5804.temp.domains\/~tcsocalo\/","logo":{"@type":"ImageObject","inLanguage":"es","@id":"http:\/\/box5804.temp.domains\/~tcsocalo\/#\/schema\/logo\/image\/","url":"https:\/\/i0.wp.com\/tcsocal.org\/wp-content\/uploads\/2022\/04\/cropped-TC-Logo-4.png?fit=2012%2C575&ssl=1","contentUrl":"https:\/\/i0.wp.com\/tcsocal.org\/wp-content\/uploads\/2022\/04\/cropped-TC-Logo-4.png?fit=2012%2C575&ssl=1","width":2012,"height":575,"caption":"tcsocal.org"},"image":{"@id":"http:\/\/box5804.temp.domains\/~tcsocalo\/#\/schema\/logo\/image\/"}}]}},"jetpack_sharing_enabled":true,"_links":{"self":[{"href":"https:\/\/tcsocal.org\/es\/wp-json\/wp\/v2\/pages\/2341","targetHints":{"allow":["GET"]}}],"collection":[{"href":"https:\/\/tcsocal.org\/es\/wp-json\/wp\/v2\/pages"}],"about":[{"href":"https:\/\/tcsocal.org\/es\/wp-json\/wp\/v2\/types\/page"}],"author":[{"embeddable":true,"href":"https:\/\/tcsocal.org\/es\/wp-json\/wp\/v2\/users\/2"}],"replies":[{"embeddable":true,"href":"https:\/\/tcsocal.org\/es\/wp-json\/wp\/v2\/comments?post=2341"}],"version-history":[{"count":5,"href":"https:\/\/tcsocal.org\/es\/wp-json\/wp\/v2\/pages\/2341\/revisions"}],"predecessor-version":[{"id":2348,"href":"https:\/\/tcsocal.org\/es\/wp-json\/wp\/v2\/pages\/2341\/revisions\/2348"}],"wp:attachment":[{"href":"https:\/\/tcsocal.org\/es\/wp-json\/wp\/v2\/media?parent=2341"}],"curies":[{"name":"wp","href":"https:\/\/api.w.org\/{rel}","templated":true}]}}