{"id":1233,"date":"2023-08-31T05:06:43","date_gmt":"2023-08-31T05:06:43","guid":{"rendered":"https:\/\/tcsocal.org\/?page_id=1233"},"modified":"2026-01-23T23:49:59","modified_gmt":"2026-01-23T23:49:59","slug":"celebrate-recovery","status":"publish","type":"page","link":"https:\/\/tcsocal.org\/es\/celebrate-recovery\/","title":{"rendered":"Celebrate Recovery"},"content":{"rendered":"<div data-elementor-type=\"wp-page\" data-elementor-id=\"1233\" class=\"elementor elementor-1233\" data-elementor-post-type=\"page\">\n\t\t\t\t<div class=\"elementor-element elementor-element-88c3f74 e-flex e-con-boxed e-con e-parent\" data-id=\"88c3f74\" data-element_type=\"container\" data-e-type=\"container\">\n\t\t\t\t\t<div class=\"e-con-inner\">\n\t\t\t\t<div class=\"elementor-element elementor-element-3dc3a85 elementor-widget elementor-widget-spacer\" data-id=\"3dc3a85\" data-element_type=\"widget\" data-e-type=\"widget\" data-widget_type=\"spacer.default\">\n\t\t\t\t<div class=\"elementor-widget-container\">\n\t\t\t\t\t\t\t<div class=\"elementor-spacer\">\n\t\t\t<div class=\"elementor-spacer-inner\"><\/div>\n\t\t<\/div>\n\t\t\t\t\t\t<\/div>\n\t\t\t\t<\/div>\n\t\t\t\t\t<\/div>\n\t\t\t\t<\/div>\n\t\t<div class=\"elementor-element elementor-element-b194ebe e-flex e-con-boxed elementor-invisible e-con e-parent\" data-id=\"b194ebe\" data-element_type=\"container\" data-e-type=\"container\" data-settings=\"{&quot;animation&quot;:&quot;fadeIn&quot;}\">\n\t\t\t\t\t<div class=\"e-con-inner\">\n\t\t\t\t<div class=\"elementor-element elementor-element-f7648f2 elementor-widget elementor-widget-image\" data-id=\"f7648f2\" data-element_type=\"widget\" data-e-type=\"widget\" data-widget_type=\"image.default\">\n\t\t\t\t<div class=\"elementor-widget-container\">\n\t\t\t\t\t\t\t\t\t\t\t\t\t\t\t<img fetchpriority=\"high\" decoding=\"async\" width=\"750\" height=\"363\" src=\"https:\/\/i0.wp.com\/tcsocal.org\/wp-content\/uploads\/2023\/08\/MicrosoftTeams-image-19.png?fit=750%2C363&amp;ssl=1\" class=\"attachment-large size-large wp-image-1234\" alt=\"\" srcset=\"https:\/\/i0.wp.com\/tcsocal.org\/wp-content\/uploads\/2023\/08\/MicrosoftTeams-image-19.png?w=750&amp;ssl=1 750w, https:\/\/i0.wp.com\/tcsocal.org\/wp-content\/uploads\/2023\/08\/MicrosoftTeams-image-19.png?resize=300%2C145&amp;ssl=1 300w, https:\/\/i0.wp.com\/tcsocal.org\/wp-content\/uploads\/2023\/08\/MicrosoftTeams-image-19.png?resize=18%2C9&amp;ssl=1 18w\" sizes=\"(max-width: 750px) 100vw, 750px\" \/>\t\t\t\t\t\t\t\t\t\t\t\t\t\t\t<\/div>\n\t\t\t\t<\/div>\n\t\t\t\t\t<\/div>\n\t\t\t\t<\/div>\n\t\t<div class=\"elementor-element elementor-element-5cb3b44e e-con-full e-flex e-con e-parent\" data-id=\"5cb3b44e\" data-element_type=\"container\" data-e-type=\"container\" data-settings=\"{&quot;background_background&quot;:&quot;classic&quot;}\">\n\t\t\t\t<div class=\"elementor-element elementor-element-46a6ac8 elementor-widget__width-initial elementor-widget elementor-widget-image\" data-id=\"46a6ac8\" data-element_type=\"widget\" data-e-type=\"widget\" data-widget_type=\"image.default\">\n\t\t\t\t<div class=\"elementor-widget-container\">\n\t\t\t\t\t\t\t\t\t\t\t\t\t\t\t<img decoding=\"async\" width=\"1024\" height=\"683\" src=\"https:\/\/i0.wp.com\/tcsocal.org\/wp-content\/uploads\/2022\/04\/28424639_1886860168014301_2188378305076052349_o.jpg?fit=1024%2C683&amp;ssl=1\" class=\"attachment-large size-large wp-image-56\" alt=\"\" srcset=\"https:\/\/i0.wp.com\/tcsocal.org\/wp-content\/uploads\/2022\/04\/28424639_1886860168014301_2188378305076052349_o.jpg?w=2048&amp;ssl=1 2048w, https:\/\/i0.wp.com\/tcsocal.org\/wp-content\/uploads\/2022\/04\/28424639_1886860168014301_2188378305076052349_o.jpg?resize=300%2C200&amp;ssl=1 300w, https:\/\/i0.wp.com\/tcsocal.org\/wp-content\/uploads\/2022\/04\/28424639_1886860168014301_2188378305076052349_o.jpg?resize=1024%2C683&amp;ssl=1 1024w, https:\/\/i0.wp.com\/tcsocal.org\/wp-content\/uploads\/2022\/04\/28424639_1886860168014301_2188378305076052349_o.jpg?resize=768%2C512&amp;ssl=1 768w, https:\/\/i0.wp.com\/tcsocal.org\/wp-content\/uploads\/2022\/04\/28424639_1886860168014301_2188378305076052349_o.jpg?resize=1536%2C1024&amp;ssl=1 1536w\" sizes=\"(max-width: 1024px) 100vw, 1024px\" \/>\t\t\t\t\t\t\t\t\t\t\t\t\t\t\t<\/div>\n\t\t\t\t<\/div>\n\t\t<div class=\"elementor-element elementor-element-26d0244e e-con-full e-flex e-con e-child\" data-id=\"26d0244e\" data-element_type=\"container\" data-e-type=\"container\">\n\t\t\t\t<div class=\"elementor-element elementor-element-f98e65e elementor-widget__width-initial elementor-widget-mobile__width-inherit elementor-invisible elementor-widget elementor-widget-icon-box\" data-id=\"f98e65e\" data-element_type=\"widget\" data-e-type=\"widget\" data-settings=\"{&quot;_animation&quot;:&quot;fadeInUp&quot;}\" data-widget_type=\"icon-box.default\">\n\t\t\t\t<div class=\"elementor-widget-container\">\n\t\t\t\t\t\t\t<div class=\"elementor-icon-box-wrapper\">\n\n\t\t\t\n\t\t\t\t\t\t<div class=\"elementor-icon-box-content\">\n\n\t\t\t\t\t\t\t\t\t<h3 class=\"elementor-icon-box-title\">\n\t\t\t\t\t\t<span  >\n\t\t\t\t\t\t\tACERCA DE\t\t\t\t\t\t<\/span>\n\t\t\t\t\t<\/h3>\n\t\t\t\t\n\t\t\t\t\t\t\t\t\t<p class=\"elementor-icon-box-description\">\n\t\t\t\t\t\tCelebremos la Recuperaci\u00f3n, es un Programa de Recuperaci\u00f3n de 12 pasos centrado en Cristo para cualquier persona que est\u00e9 luchando con heridas, complejos o h\u00e1bitos de cualquier tipo.  Celebremos La Recuperaci\u00f3n es un lugar seguro para encontrar comunidad y libertad de los problemas que controlan nuestra vida.  En un espacio seguro y hermoso sin ser juzgados para ser honestos sobre nuestro dolor y la forma negativa en que podemos vernos a nosotros mismos, a Dios y a los dem\u00e1s.  No tiene que enfrentar sus heridas solo o sola.  \nEn este proceso llegamos a entender que algunos de los h\u00e1bitos que pudimos haber desarrollado para escapar de nuestro dolor han causado destrucci\u00f3n en nuestra vida y en la de las personas cercanas a nosotros.\t\t\t\t\t<\/p>\n\t\t\t\t\n\t\t\t<\/div>\n\t\t\t\n\t\t<\/div>\n\t\t\t\t\t\t<\/div>\n\t\t\t\t<\/div>\n\t\t\t\t<div class=\"elementor-element elementor-element-6067d604 elementor-widget__width-initial elementor-widget-mobile__width-inherit elementor-invisible elementor-widget elementor-widget-icon-box\" data-id=\"6067d604\" data-element_type=\"widget\" data-e-type=\"widget\" data-settings=\"{&quot;_animation&quot;:&quot;fadeInUp&quot;}\" data-widget_type=\"icon-box.default\">\n\t\t\t\t<div class=\"elementor-widget-container\">\n\t\t\t\t\t\t\t<div class=\"elementor-icon-box-wrapper\">\n\n\t\t\t\n\t\t\t\t\t\t<div class=\"elementor-icon-box-content\">\n\n\t\t\t\t\t\t\t\t\t<h3 class=\"elementor-icon-box-title\">\n\t\t\t\t\t\t<span  >\n\t\t\t\t\t\t\tPROP\u00d3SITO\t\t\t\t\t\t<\/span>\n\t\t\t\t\t<\/h3>\n\t\t\t\t\n\t\t\t\t\t\t\t\t\t<p class=\"elementor-icon-box-description\">\n\t\t\t\t\t\tEl prop\u00f3sito de \u201cCelebremos La Recuperaci\u00f3n\u201d es compartir y celebrar el poder sanador de Dios en nuestras vidas a trav\u00e9s de los 12 pasos y los 8 principios.  Esta experiencia nos permite \u201cser cambiados\u201d.  Abrimos la puerta compartiendo nuestras experiencias, fortalezas y esperanzas unos con otros en un entorno seguro.  Adem\u00e1s, estamos dispuestos a aceptar la gracia de Dios para resolver los problemas de nuestras vidas.  Al trabajar y aplicar estos principios b\u00edblicos, comenzamos a crecer espiritualmente.  Nos liberamos de nuestros comportamientos adictivos, compulsivos y disfuncionales.  Esta libertad crea paz, serenidad, alegr\u00eda y, lo que es m\u00e1s importante, una relaci\u00f3n personal m\u00e1s fuerte con Dios y con los dem\u00e1s.  A medida que avanzamos en el programa, descubrimos nuestro poder superior, amoroso y perdonador: JESUCRISTO.\t\t\t\t\t<\/p>\n\t\t\t\t\n\t\t\t<\/div>\n\t\t\t\n\t\t<\/div>\n\t\t\t\t\t\t<\/div>\n\t\t\t\t<\/div>\n\t\t\t\t<div class=\"elementor-element elementor-element-b95a211 elementor-widget__width-initial elementor-widget-mobile__width-inherit elementor-invisible elementor-widget elementor-widget-icon-box\" data-id=\"b95a211\" data-element_type=\"widget\" data-e-type=\"widget\" data-settings=\"{&quot;_animation&quot;:&quot;fadeInUp&quot;,&quot;_animation_delay&quot;:&quot;100&quot;}\" data-widget_type=\"icon-box.default\">\n\t\t\t\t<div class=\"elementor-widget-container\">\n\t\t\t\t\t\t\t<div class=\"elementor-icon-box-wrapper\">\n\n\t\t\t\n\t\t\t\t\t\t<div class=\"elementor-icon-box-content\">\n\n\t\t\t\t\t\t\t\t\t<h3 class=\"elementor-icon-box-title\">\n\t\t\t\t\t\t<span  >\n\t\t\t\t\t\t\tBIENVENIDO A LA FAMILIA\t\t\t\t\t\t<\/span>\n\t\t\t\t\t<\/h3>\n\t\t\t\t\n\t\t\t\t\n\t\t\t<\/div>\n\t\t\t\n\t\t<\/div>\n\t\t\t\t\t\t<\/div>\n\t\t\t\t<\/div>\n\t\t\t\t<\/div>\n\t\t\t\t<\/div>\n\t\t<div class=\"elementor-element elementor-element-4f5bec90 e-flex e-con-boxed e-con e-parent\" data-id=\"4f5bec90\" data-element_type=\"container\" data-e-type=\"container\" data-settings=\"{&quot;background_background&quot;:&quot;classic&quot;}\">\n\t\t\t\t\t<div class=\"e-con-inner\">\n\t\t<div class=\"elementor-element elementor-element-7756e4c3 e-con-full e-flex e-con e-child\" data-id=\"7756e4c3\" data-element_type=\"container\" data-e-type=\"container\">\n\t\t\t\t<div class=\"elementor-element elementor-element-10501f59 elementor-widget-tablet__width-inherit elementor-widget-mobile__width-inherit elementor-widget__width-initial elementor-widget elementor-widget-image-box\" data-id=\"10501f59\" data-element_type=\"widget\" data-e-type=\"widget\" data-widget_type=\"image-box.default\">\n\t\t\t\t<div class=\"elementor-widget-container\">\n\t\t\t\t\t<div class=\"elementor-image-box-wrapper\"><div class=\"elementor-image-box-content\"><h3 class=\"elementor-image-box-title\">\u00danete <\/h3><p class=\"elementor-image-box-description\">Miercoles a las 7 PM en el Aposento Alto<\/p><\/div><\/div>\t\t\t\t<\/div>\n\t\t\t\t<\/div>\n\t\t<div class=\"elementor-element elementor-element-3d79ca02 e-con-full e-flex e-con e-child\" data-id=\"3d79ca02\" data-element_type=\"container\" data-e-type=\"container\">\n\t\t\t\t<div class=\"elementor-element elementor-element-6566d98e elementor-widget-tablet__width-initial elementor-widget-mobile__width-inherit elementor-widget elementor-widget-heading\" data-id=\"6566d98e\" data-element_type=\"widget\" data-e-type=\"widget\" data-widget_type=\"heading.default\">\n\t\t\t\t<div class=\"elementor-widget-container\">\n\t\t\t\t\t<h3 class=\"elementor-heading-title elementor-size-default\">Cont\u00e1ctanos<\/h3>\t\t\t\t<\/div>\n\t\t\t\t<\/div>\n\t\t\t\t<div class=\"elementor-element elementor-element-1947e604 elementor-icon-list--layout-traditional elementor-list-item-link-full_width elementor-widget elementor-widget-icon-list\" data-id=\"1947e604\" data-element_type=\"widget\" data-e-type=\"widget\" data-widget_type=\"icon-list.default\">\n\t\t\t\t<div class=\"elementor-widget-container\">\n\t\t\t\t\t\t\t<ul class=\"elementor-icon-list-items\">\n\t\t\t\t\t\t\t<li class=\"elementor-icon-list-item\">\n\t\t\t\t\t\t\t\t\t\t<span class=\"elementor-icon-list-text\">(714) 834-9331<\/span>\n\t\t\t\t\t\t\t\t\t<\/li>\n\t\t\t\t\t\t<\/ul>\n\t\t\t\t\t\t<\/div>\n\t\t\t\t<\/div>\n\t\t\t\t<\/div>\n\t\t<div class=\"elementor-element elementor-element-69029b24 e-con-full e-flex e-con e-child\" data-id=\"69029b24\" data-element_type=\"container\" data-e-type=\"container\">\n\t\t\t\t<div class=\"elementor-element elementor-element-6936d38b elementor-widget-tablet__width-initial elementor-widget-mobile__width-inherit elementor-widget elementor-widget-heading\" data-id=\"6936d38b\" data-element_type=\"widget\" data-e-type=\"widget\" data-widget_type=\"heading.default\">\n\t\t\t\t<div class=\"elementor-widget-container\">\n\t\t\t\t\t<h3 class=\"elementor-heading-title elementor-size-default\">Direcci\u00f3n<\/h3>\t\t\t\t<\/div>\n\t\t\t\t<\/div>\n\t\t\t\t<div class=\"elementor-element elementor-element-193d189c elementor-icon-list--layout-traditional elementor-list-item-link-full_width elementor-widget elementor-widget-icon-list\" data-id=\"193d189c\" data-element_type=\"widget\" data-e-type=\"widget\" data-widget_type=\"icon-list.default\">\n\t\t\t\t<div class=\"elementor-widget-container\">\n\t\t\t\t\t\t\t<ul class=\"elementor-icon-list-items\">\n\t\t\t\t\t\t\t<li class=\"elementor-icon-list-item\">\n\t\t\t\t\t\t\t\t\t\t<span class=\"elementor-icon-list-text\">2501 W 5th St, Santa Ana, CA 92703<\/span>\n\t\t\t\t\t\t\t\t\t<\/li>\n\t\t\t\t\t\t<\/ul>\n\t\t\t\t\t\t<\/div>\n\t\t\t\t<\/div>\n\t\t\t\t<\/div>\n\t\t\t\t<\/div>\n\t\t\t\t<div class=\"elementor-element elementor-element-190e5711 elementor-widget__width-initial elementor-widget-tablet__width-inherit elementor-widget elementor-widget-google_maps\" data-id=\"190e5711\" data-element_type=\"widget\" data-e-type=\"widget\" data-widget_type=\"google_maps.default\">\n\t\t\t\t<div class=\"elementor-widget-container\">\n\t\t\t\t\t\t\t<div class=\"elementor-custom-embed\">\n\t\t\t<iframe loading=\"lazy\"\n\t\t\t\t\tsrc=\"https:\/\/maps.google.com\/maps?q=2501%20W%205th%20St%2C%20Santa%20Ana%2C%20CA%2092703&#038;t=m&#038;z=12&#038;output=embed&#038;iwloc=near\"\n\t\t\t\t\ttitle=\"2501 W 5th St, Santa Ana, CA 92703\"\n\t\t\t\t\taria-label=\"2501 W 5th St, Santa Ana, CA 92703\"\n\t\t\t><\/iframe>\n\t\t<\/div>\n\t\t\t\t\t\t<\/div>\n\t\t\t\t<\/div>\n\t\t\t\t\t<\/div>\n\t\t\t\t<\/div>\n\t\t\t\t<\/div>","protected":false},"excerpt":{"rendered":"<p>ABOUT Celebrate Recovery is a Christ-Centered, 12 Step Recovery Program for anyone struggling with hurts, hang-ups or habits of any kind. Celebrate Recovery is a safe place to find community and freedom from the issues that are controlling our life. A safe and beautiful space with no judgement to get honest about our pain, and [&hellip;]<\/p>\n","protected":false},"author":1,"featured_media":1234,"parent":0,"menu_order":0,"comment_status":"closed","ping_status":"closed","template":"","meta":{"site-sidebar-layout":"no-sidebar","site-content-layout":"page-builder","ast-site-content-layout":"default","site-content-style":"default","site-sidebar-style":"default","ast-global-header-display":"","ast-banner-title-visibility":"","ast-main-header-display":"","ast-hfb-above-header-display":"","ast-hfb-below-header-display":"","ast-hfb-mobile-header-display":"","site-post-title":"disabled","ast-breadcrumbs-content":"","ast-featured-img":"disabled","footer-sml-layout":"","ast-disable-related-posts":"","theme-transparent-header-meta":"","adv-header-id-meta":"","stick-header-meta":"","header-above-stick-meta":"","header-main-stick-meta":"","header-below-stick-meta":"","astra-migrate-meta-layouts":"default","ast-page-background-enabled":"default","ast-page-background-meta":{"desktop":{"background-color":"var(--ast-global-color-4)","background-image":"","background-repeat":"repeat","background-position":"center center","background-size":"auto","background-attachment":"scroll","background-type":"","background-media":"","overlay-type":"","overlay-color":"","overlay-opacity":"","overlay-gradient":""},"tablet":{"background-color":"","background-image":"","background-repeat":"repeat","background-position":"center center","background-size":"auto","background-attachment":"scroll","background-type":"","background-media":"","overlay-type":"","overlay-color":"","overlay-opacity":"","overlay-gradient":""},"mobile":{"background-color":"","background-image":"","background-repeat":"repeat","background-position":"center center","background-size":"auto","background-attachment":"scroll","background-type":"","background-media":"","overlay-type":"","overlay-color":"","overlay-opacity":"","overlay-gradient":""}},"ast-content-background-meta":{"desktop":{"background-color":"var(--ast-global-color-5)","background-image":"","background-repeat":"repeat","background-position":"center center","background-size":"auto","background-attachment":"scroll","background-type":"","background-media":"","overlay-type":"","overlay-color":"","overlay-opacity":"","overlay-gradient":""},"tablet":{"background-color":"var(--ast-global-color-5)","background-image":"","background-repeat":"repeat","background-position":"center center","background-size":"auto","background-attachment":"scroll","background-type":"","background-media":"","overlay-type":"","overlay-color":"","overlay-opacity":"","overlay-gradient":""},"mobile":{"background-color":"var(--ast-global-color-5)","background-image":"","background-repeat":"repeat","background-position":"center center","background-size":"auto","background-attachment":"scroll","background-type":"","background-media":"","overlay-type":"","overlay-color":"","overlay-opacity":"","overlay-gradient":""}},"footnotes":""},"class_list":["post-1233","page","type-page","status-publish","has-post-thumbnail","hentry"],"ams_acf":[],"yoast_head":"<!-- This site is optimized with the Yoast SEO plugin v27.4 - https:\/\/yoast.com\/product\/yoast-seo-wordpress\/ -->\n<title>Celebrate Recovery - tcsocal.org<\/title>\n<meta name=\"description\" content=\"CELEBRATE RECOVERY IS A CHRIST-CENTERED, 12 STEP RECOVERY PROGRAM FOR ANYONE STRUGGLING WITH HURT, HANG-UPS, AND HABITS OF ANY KIND.\" \/>\n<meta name=\"robots\" content=\"index, follow, max-snippet:-1, max-image-preview:large, max-video-preview:-1\" \/>\n<link rel=\"canonical\" href=\"https:\/\/tcsocal.org\/es\/celebrate-recovery\/\" \/>\n<meta property=\"og:locale\" content=\"es_MX\" \/>\n<meta property=\"og:type\" content=\"article\" \/>\n<meta property=\"og:title\" content=\"Celebrate Recovery - tcsocal.org\" \/>\n<meta property=\"og:description\" content=\"CELEBRATE RECOVERY IS A CHRIST-CENTERED, 12 STEP RECOVERY PROGRAM FOR ANYONE STRUGGLING WITH HURT, HANG-UPS, AND HABITS OF ANY KIND.\" \/>\n<meta property=\"og:url\" content=\"https:\/\/tcsocal.org\/es\/celebrate-recovery\/\" \/>\n<meta property=\"og:site_name\" content=\"tcsocal.org\" \/>\n<meta property=\"article:modified_time\" content=\"2026-01-23T23:49:59+00:00\" \/>\n<meta property=\"og:image\" content=\"https:\/\/tcsocal.org\/wp-content\/uploads\/2023\/08\/MicrosoftTeams-image-19.png\" \/>\n\t<meta property=\"og:image:width\" content=\"750\" \/>\n\t<meta property=\"og:image:height\" content=\"363\" \/>\n\t<meta property=\"og:image:type\" content=\"image\/png\" \/>\n<meta name=\"twitter:card\" content=\"summary_large_image\" \/>\n<meta name=\"twitter:label1\" content=\"Tiempo de lectura\" \/>\n\t<meta name=\"twitter:data1\" content=\"1 minuto\" \/>\n<script type=\"application\/ld+json\" class=\"yoast-schema-graph\">{\"@context\":\"https:\\\/\\\/schema.org\",\"@graph\":[{\"@type\":\"WebPage\",\"@id\":\"https:\\\/\\\/tcsocal.org\\\/celebrate-recovery\\\/\",\"url\":\"https:\\\/\\\/tcsocal.org\\\/celebrate-recovery\\\/\",\"name\":\"Celebrate Recovery - tcsocal.org\",\"isPartOf\":{\"@id\":\"http:\\\/\\\/box5804.temp.domains\\\/~tcsocalo\\\/#website\"},\"primaryImageOfPage\":{\"@id\":\"https:\\\/\\\/tcsocal.org\\\/celebrate-recovery\\\/#primaryimage\"},\"image\":{\"@id\":\"https:\\\/\\\/tcsocal.org\\\/celebrate-recovery\\\/#primaryimage\"},\"thumbnailUrl\":\"https:\\\/\\\/i0.wp.com\\\/tcsocal.org\\\/wp-content\\\/uploads\\\/2023\\\/08\\\/MicrosoftTeams-image-19.png?fit=750%2C363&ssl=1\",\"datePublished\":\"2023-08-31T05:06:43+00:00\",\"dateModified\":\"2026-01-23T23:49:59+00:00\",\"description\":\"CELEBRATE RECOVERY IS A CHRIST-CENTERED, 12 STEP RECOVERY PROGRAM FOR ANYONE STRUGGLING WITH HURT, HANG-UPS, AND HABITS OF ANY KIND.\",\"breadcrumb\":{\"@id\":\"https:\\\/\\\/tcsocal.org\\\/celebrate-recovery\\\/#breadcrumb\"},\"inLanguage\":\"es\",\"potentialAction\":[{\"@type\":\"ReadAction\",\"target\":[\"https:\\\/\\\/tcsocal.org\\\/celebrate-recovery\\\/\"]}]},{\"@type\":\"ImageObject\",\"inLanguage\":\"es\",\"@id\":\"https:\\\/\\\/tcsocal.org\\\/celebrate-recovery\\\/#primaryimage\",\"url\":\"https:\\\/\\\/i0.wp.com\\\/tcsocal.org\\\/wp-content\\\/uploads\\\/2023\\\/08\\\/MicrosoftTeams-image-19.png?fit=750%2C363&ssl=1\",\"contentUrl\":\"https:\\\/\\\/i0.wp.com\\\/tcsocal.org\\\/wp-content\\\/uploads\\\/2023\\\/08\\\/MicrosoftTeams-image-19.png?fit=750%2C363&ssl=1\",\"width\":750,\"height\":363},{\"@type\":\"BreadcrumbList\",\"@id\":\"https:\\\/\\\/tcsocal.org\\\/celebrate-recovery\\\/#breadcrumb\",\"itemListElement\":[{\"@type\":\"ListItem\",\"position\":1,\"name\":\"Home\",\"item\":\"https:\\\/\\\/tcsocal.org\\\/\"},{\"@type\":\"ListItem\",\"position\":2,\"name\":\"Celebrate Recovery\"}]},{\"@type\":\"WebSite\",\"@id\":\"http:\\\/\\\/box5804.temp.domains\\\/~tcsocalo\\\/#website\",\"url\":\"http:\\\/\\\/box5804.temp.domains\\\/~tcsocalo\\\/\",\"name\":\"tcsocal.org\",\"description\":\"Ministering to the needs of the people\",\"publisher\":{\"@id\":\"http:\\\/\\\/box5804.temp.domains\\\/~tcsocalo\\\/#organization\"},\"potentialAction\":[{\"@type\":\"SearchAction\",\"target\":{\"@type\":\"EntryPoint\",\"urlTemplate\":\"http:\\\/\\\/box5804.temp.domains\\\/~tcsocalo\\\/?s={search_term_string}\"},\"query-input\":{\"@type\":\"PropertyValueSpecification\",\"valueRequired\":true,\"valueName\":\"search_term_string\"}}],\"inLanguage\":\"es\"},{\"@type\":\"Organization\",\"@id\":\"http:\\\/\\\/box5804.temp.domains\\\/~tcsocalo\\\/#organization\",\"name\":\"tcsocal.org\",\"url\":\"http:\\\/\\\/box5804.temp.domains\\\/~tcsocalo\\\/\",\"logo\":{\"@type\":\"ImageObject\",\"inLanguage\":\"es\",\"@id\":\"http:\\\/\\\/box5804.temp.domains\\\/~tcsocalo\\\/#\\\/schema\\\/logo\\\/image\\\/\",\"url\":\"https:\\\/\\\/i0.wp.com\\\/tcsocal.org\\\/wp-content\\\/uploads\\\/2022\\\/04\\\/cropped-TC-Logo-4.png?fit=2012%2C575&ssl=1\",\"contentUrl\":\"https:\\\/\\\/i0.wp.com\\\/tcsocal.org\\\/wp-content\\\/uploads\\\/2022\\\/04\\\/cropped-TC-Logo-4.png?fit=2012%2C575&ssl=1\",\"width\":2012,\"height\":575,\"caption\":\"tcsocal.org\"},\"image\":{\"@id\":\"http:\\\/\\\/box5804.temp.domains\\\/~tcsocalo\\\/#\\\/schema\\\/logo\\\/image\\\/\"}}]}<\/script>\n<!-- \/ Yoast SEO plugin. -->","yoast_head_json":{"title":"Celebrate Recovery - tcsocal.org","description":"CELEBRATE RECOVERY IS A CHRIST-CENTERED, 12 STEP RECOVERY PROGRAM FOR ANYONE STRUGGLING WITH HURT, HANG-UPS, AND HABITS OF ANY KIND.","robots":{"index":"index","follow":"follow","max-snippet":"max-snippet:-1","max-image-preview":"max-image-preview:large","max-video-preview":"max-video-preview:-1"},"canonical":"https:\/\/tcsocal.org\/es\/celebrate-recovery\/","og_locale":"es_MX","og_type":"article","og_title":"Celebrate Recovery - tcsocal.org","og_description":"CELEBRATE RECOVERY IS A CHRIST-CENTERED, 12 STEP RECOVERY PROGRAM FOR ANYONE STRUGGLING WITH HURT, HANG-UPS, AND HABITS OF ANY KIND.","og_url":"https:\/\/tcsocal.org\/es\/celebrate-recovery\/","og_site_name":"tcsocal.org","article_modified_time":"2026-01-23T23:49:59+00:00","og_image":[{"width":750,"height":363,"url":"https:\/\/tcsocal.org\/wp-content\/uploads\/2023\/08\/MicrosoftTeams-image-19.png","type":"image\/png"}],"twitter_card":"summary_large_image","twitter_misc":{"Tiempo de lectura":"1 minuto"},"schema":{"@context":"https:\/\/schema.org","@graph":[{"@type":"WebPage","@id":"https:\/\/tcsocal.org\/celebrate-recovery\/","url":"https:\/\/tcsocal.org\/celebrate-recovery\/","name":"Celebrate Recovery - tcsocal.org","isPartOf":{"@id":"http:\/\/box5804.temp.domains\/~tcsocalo\/#website"},"primaryImageOfPage":{"@id":"https:\/\/tcsocal.org\/celebrate-recovery\/#primaryimage"},"image":{"@id":"https:\/\/tcsocal.org\/celebrate-recovery\/#primaryimage"},"thumbnailUrl":"https:\/\/i0.wp.com\/tcsocal.org\/wp-content\/uploads\/2023\/08\/MicrosoftTeams-image-19.png?fit=750%2C363&ssl=1","datePublished":"2023-08-31T05:06:43+00:00","dateModified":"2026-01-23T23:49:59+00:00","description":"CELEBRATE RECOVERY IS A CHRIST-CENTERED, 12 STEP RECOVERY PROGRAM FOR ANYONE STRUGGLING WITH HURT, HANG-UPS, AND HABITS OF ANY KIND.","breadcrumb":{"@id":"https:\/\/tcsocal.org\/celebrate-recovery\/#breadcrumb"},"inLanguage":"es","potentialAction":[{"@type":"ReadAction","target":["https:\/\/tcsocal.org\/celebrate-recovery\/"]}]},{"@type":"ImageObject","inLanguage":"es","@id":"https:\/\/tcsocal.org\/celebrate-recovery\/#primaryimage","url":"https:\/\/i0.wp.com\/tcsocal.org\/wp-content\/uploads\/2023\/08\/MicrosoftTeams-image-19.png?fit=750%2C363&ssl=1","contentUrl":"https:\/\/i0.wp.com\/tcsocal.org\/wp-content\/uploads\/2023\/08\/MicrosoftTeams-image-19.png?fit=750%2C363&ssl=1","width":750,"height":363},{"@type":"BreadcrumbList","@id":"https:\/\/tcsocal.org\/celebrate-recovery\/#breadcrumb","itemListElement":[{"@type":"ListItem","position":1,"name":"Home","item":"https:\/\/tcsocal.org\/"},{"@type":"ListItem","position":2,"name":"Celebrate Recovery"}]},{"@type":"WebSite","@id":"http:\/\/box5804.temp.domains\/~tcsocalo\/#website","url":"http:\/\/box5804.temp.domains\/~tcsocalo\/","name":"tcsocal.org","description":"Ministering to the needs of the people","publisher":{"@id":"http:\/\/box5804.temp.domains\/~tcsocalo\/#organization"},"potentialAction":[{"@type":"SearchAction","target":{"@type":"EntryPoint","urlTemplate":"http:\/\/box5804.temp.domains\/~tcsocalo\/?s={search_term_string}"},"query-input":{"@type":"PropertyValueSpecification","valueRequired":true,"valueName":"search_term_string"}}],"inLanguage":"es"},{"@type":"Organization","@id":"http:\/\/box5804.temp.domains\/~tcsocalo\/#organization","name":"tcsocal.org","url":"http:\/\/box5804.temp.domains\/~tcsocalo\/","logo":{"@type":"ImageObject","inLanguage":"es","@id":"http:\/\/box5804.temp.domains\/~tcsocalo\/#\/schema\/logo\/image\/","url":"https:\/\/i0.wp.com\/tcsocal.org\/wp-content\/uploads\/2022\/04\/cropped-TC-Logo-4.png?fit=2012%2C575&ssl=1","contentUrl":"https:\/\/i0.wp.com\/tcsocal.org\/wp-content\/uploads\/2022\/04\/cropped-TC-Logo-4.png?fit=2012%2C575&ssl=1","width":2012,"height":575,"caption":"tcsocal.org"},"image":{"@id":"http:\/\/box5804.temp.domains\/~tcsocalo\/#\/schema\/logo\/image\/"}}]}},"jetpack_sharing_enabled":true,"_links":{"self":[{"href":"https:\/\/tcsocal.org\/es\/wp-json\/wp\/v2\/pages\/1233","targetHints":{"allow":["GET"]}}],"collection":[{"href":"https:\/\/tcsocal.org\/es\/wp-json\/wp\/v2\/pages"}],"about":[{"href":"https:\/\/tcsocal.org\/es\/wp-json\/wp\/v2\/types\/page"}],"author":[{"embeddable":true,"href":"https:\/\/tcsocal.org\/es\/wp-json\/wp\/v2\/users\/1"}],"replies":[{"embeddable":true,"href":"https:\/\/tcsocal.org\/es\/wp-json\/wp\/v2\/comments?post=1233"}],"version-history":[{"count":5,"href":"https:\/\/tcsocal.org\/es\/wp-json\/wp\/v2\/pages\/1233\/revisions"}],"predecessor-version":[{"id":2731,"href":"https:\/\/tcsocal.org\/es\/wp-json\/wp\/v2\/pages\/1233\/revisions\/2731"}],"wp:featuredmedia":[{"embeddable":true,"href":"https:\/\/tcsocal.org\/es\/wp-json\/wp\/v2\/media\/1234"}],"wp:attachment":[{"href":"https:\/\/tcsocal.org\/es\/wp-json\/wp\/v2\/media?parent=1233"}],"curies":[{"name":"wp","href":"https:\/\/api.w.org\/{rel}","templated":true}]}}